{"id":24,"date":"2023-12-18T14:57:58","date_gmt":"2023-12-18T12:57:58","guid":{"rendered":"https:\/\/metsaheidi.fi\/?page_id=24"},"modified":"2024-05-23T12:25:08","modified_gmt":"2024-05-23T09:25:08","slug":"metsaheidi","status":"publish","type":"page","link":"https:\/\/metsaheidi.fi\/en\/","title":{"rendered":"Mets\u00e4Heidi - individual nature tours"},"content":{"rendered":"<div class=\"wp-block-group alignfull has-accent-4-background-color has-background has-global-padding is-layout-constrained wp-container-core-group-is-layout-1 wp-block-group-is-layout-constrained\" style=\"margin-top:0;margin-bottom:0;padding-top:var(--wp--preset--spacing--50);padding-right:var(--wp--preset--spacing--50);padding-bottom:var(--wp--preset--spacing--50);padding-left:var(--wp--preset--spacing--50)\">\n<div class=\"wp-block-columns alignwide is-layout-flex wp-container-core-columns-is-layout-1 wp-block-columns-is-layout-flex\">\n<div class=\"wp-block-column is-vertically-aligned-stretch is-layout-flow wp-block-column-is-layout-flow\" style=\"flex-basis:50%\">\n<h2 class=\"wp-block-heading has-x-large-font-size\">Mets\u00e4Heidi<\/h2>\n\n\n\n<figure class=\"wp-block-image size-full is-style-rounded is-style-rounded--1 block-visibility-hide-large-screen block-visibility-hide-medium-screen\"><img loading=\"lazy\" decoding=\"async\" width=\"1200\" height=\"1206\" src=\"https:\/\/metsaheidi.fi\/wp-content\/uploads\/2024\/05\/70010011_10156877469919121_1837004778614292480_n.jpg\" alt=\"\" class=\"wp-image-128\" style=\"aspect-ratio:4\/3;object-fit:cover\" srcset=\"https:\/\/metsaheidi.fi\/wp-content\/uploads\/2024\/05\/70010011_10156877469919121_1837004778614292480_n.jpg 1200w, https:\/\/metsaheidi.fi\/wp-content\/uploads\/2024\/05\/70010011_10156877469919121_1837004778614292480_n-764x768.jpg 764w, https:\/\/metsaheidi.fi\/wp-content\/uploads\/2024\/05\/70010011_10156877469919121_1837004778614292480_n-250x250.jpg 250w, https:\/\/metsaheidi.fi\/wp-content\/uploads\/2024\/05\/70010011_10156877469919121_1837004778614292480_n-768x772.jpg 768w, https:\/\/metsaheidi.fi\/wp-content\/uploads\/2024\/05\/70010011_10156877469919121_1837004778614292480_n-12x12.jpg 12w\" sizes=\"auto, (max-width: 1200px) 100vw, 1200px\" \/><\/figure>\n\n\n\n<p>Go for a walk in nature with Mets\u00e4Heidi! The tours are planned respecting nature, with it playing the main role. We walk prepared paths without leaving a trace of ourselves in nature. All movement is done under your own power, according to your condition and wishes. Mets\u00e4Heidi&#039;s trips are primarily about enjoying nature, getting to know the Finnish fell and forest landscape, fauna and lifestyle.<br><br>Mets\u00e4Heidi is a 42-year-old customer service professional who has spent her entire life in forests and nature, who also has a forest and nature guide qualification from 2020.<br><br>Contact us and book an unforgettable excursion experience!<\/p>\n\n\n\n<div class=\"wp-block-buttons is-layout-flex wp-block-buttons-is-layout-flex\">\n<div class=\"wp-block-button\"><a class=\"wp-block-button__link wp-element-button\" href=\"https:\/\/metsaheidi.fi\/en\/ota-yhteytta\/\">Contact<\/a><\/div>\n<\/div>\n<\/div>\n\n\n\n<div class=\"wp-block-column is-vertically-aligned-center is-layout-flow wp-block-column-is-layout-flow\" style=\"flex-basis:50%\">\n<figure class=\"wp-block-image size-full is-style-rounded is-style-rounded--2 block-visibility-hide-small-screen\"><img loading=\"lazy\" decoding=\"async\" width=\"1200\" height=\"1206\" src=\"https:\/\/metsaheidi.fi\/wp-content\/uploads\/2024\/05\/70010011_10156877469919121_1837004778614292480_n.jpg\" alt=\"\" class=\"wp-image-128\" style=\"aspect-ratio:3\/4;object-fit:cover\" srcset=\"https:\/\/metsaheidi.fi\/wp-content\/uploads\/2024\/05\/70010011_10156877469919121_1837004778614292480_n.jpg 1200w, https:\/\/metsaheidi.fi\/wp-content\/uploads\/2024\/05\/70010011_10156877469919121_1837004778614292480_n-764x768.jpg 764w, https:\/\/metsaheidi.fi\/wp-content\/uploads\/2024\/05\/70010011_10156877469919121_1837004778614292480_n-250x250.jpg 250w, https:\/\/metsaheidi.fi\/wp-content\/uploads\/2024\/05\/70010011_10156877469919121_1837004778614292480_n-768x772.jpg 768w, https:\/\/metsaheidi.fi\/wp-content\/uploads\/2024\/05\/70010011_10156877469919121_1837004778614292480_n-12x12.jpg 12w\" sizes=\"auto, (max-width: 1200px) 100vw, 1200px\" \/><\/figure>\n<\/div>\n<\/div>\n<\/div>\n\n\n\n<div class=\"wp-block-group alignfull has-accent-5-background-color has-background has-global-padding is-layout-constrained wp-container-core-group-is-layout-2 wp-block-group-is-layout-constrained\" style=\"margin-top:0;margin-bottom:0;padding-top:var(--wp--preset--spacing--50);padding-right:var(--wp--preset--spacing--50);padding-bottom:var(--wp--preset--spacing--50);padding-left:var(--wp--preset--spacing--50)\">\n<div class=\"wp-block-columns alignwide is-layout-flex wp-container-core-columns-is-layout-2 wp-block-columns-is-layout-flex\">\n<div class=\"wp-block-column is-vertically-aligned-center is-layout-flow wp-block-column-is-layout-flow\" style=\"flex-basis:60%\">\n<figure class=\"wp-block-image size-full is-style-rounded wp-duotone-unset-4 is-style-rounded--3\"><img loading=\"lazy\" decoding=\"async\" width=\"1366\" height=\"2048\" src=\"https:\/\/metsaheidi.fi\/wp-content\/uploads\/2024\/01\/DSC04663.jpg\" alt=\"\" class=\"wp-image-65\" style=\"aspect-ratio:4\/3;object-fit:cover\" srcset=\"https:\/\/metsaheidi.fi\/wp-content\/uploads\/2024\/01\/DSC04663.jpg 1366w, https:\/\/metsaheidi.fi\/wp-content\/uploads\/2024\/01\/DSC04663-512x768.jpg 512w, https:\/\/metsaheidi.fi\/wp-content\/uploads\/2024\/01\/DSC04663-768x1151.jpg 768w, https:\/\/metsaheidi.fi\/wp-content\/uploads\/2024\/01\/DSC04663-1025x1536.jpg 1025w\" sizes=\"auto, (max-width: 1366px) 100vw, 1366px\" \/><\/figure>\n<\/div>\n\n\n\n<div class=\"wp-block-column is-layout-flow wp-block-column-is-layout-flow\" style=\"flex-basis:40%\">\n<h2 class=\"wp-block-heading has-text-align-left\">Wool sock walk<\/h2>\n\n\n\n<p class=\"has-text-align-left\">A half-hour walk in woolen socks in beautiful winter landscapes. At the same time, we get to know the surrounding nature and think about the effects of walking in woolen socks on the mind and body. The wool sock walk requires a little frost, so the trip is carried out with a weather reservation.<\/p>\n\n\n\n<hr class=\"wp-block-separator has-text-color has-contrast-3-color has-alpha-channel-opacity has-contrast-3-background-color has-background is-style-wide\"\/>\n\n\n\n<p class=\"has-text-align-center has-contrast-2-color has-text-color has-link-color wp-elements-bc9b3dce6795b444ded78928ff87acc3\">Total duration 1 hour<\/p>\n\n\n\n<hr class=\"wp-block-separator has-text-color has-contrast-3-color has-alpha-channel-opacity has-contrast-3-background-color has-background is-style-wide\"\/>\n\n\n\n<p class=\"has-text-align-center has-contrast-2-color has-text-color has-link-color wp-elements-48132fe0262a741a1a31244b60ab7ff5\">The price is \u20ac59\/person, includes borrowed woolen socks, a hot drink and guidance.<\/p>\n\n\n\n<div class=\"wp-block-buttons is-content-justification-center is-layout-flex wp-container-core-buttons-is-layout-2 wp-block-buttons-is-layout-flex\">\n<div class=\"wp-block-button\"><a class=\"wp-block-button__link has-text-align-center wp-element-button\" href=\"https:\/\/metsaheidi.fi\/en\/ota-yhteytta\/\">Book here<\/a><\/div>\n<\/div>\n<\/div>\n<\/div>\n<\/div>\n\n\n\n<div class=\"wp-block-group alignfull has-accent-4-background-color has-background has-global-padding is-layout-constrained wp-container-core-group-is-layout-4 wp-block-group-is-layout-constrained\" style=\"margin-top:0;margin-bottom:0;padding-top:var(--wp--preset--spacing--50);padding-right:var(--wp--preset--spacing--50);padding-bottom:var(--wp--preset--spacing--50);padding-left:var(--wp--preset--spacing--50)\">\n<div class=\"wp-block-columns alignwide is-layout-flex wp-container-core-columns-is-layout-3 wp-block-columns-is-layout-flex\">\n<div class=\"wp-block-column is-layout-flow wp-block-column-is-layout-flow\" style=\"flex-basis:40%\">\n<figure class=\"wp-block-image size-full is-style-rounded wp-duotone-unset-6 is-style-rounded--5 block-visibility-hide-large-screen block-visibility-hide-medium-screen\"><img loading=\"lazy\" decoding=\"async\" width=\"1129\" height=\"1365\" src=\"https:\/\/metsaheidi.fi\/wp-content\/uploads\/2024\/01\/DSC00698-edited.jpg\" alt=\"\" class=\"wp-image-68\" style=\"aspect-ratio:4\/3;object-fit:cover\" srcset=\"https:\/\/metsaheidi.fi\/wp-content\/uploads\/2024\/01\/DSC00698-edited.jpg 1129w, https:\/\/metsaheidi.fi\/wp-content\/uploads\/2024\/01\/DSC00698-edited-635x768.jpg 635w, https:\/\/metsaheidi.fi\/wp-content\/uploads\/2024\/01\/DSC00698-edited-768x929.jpg 768w\" sizes=\"auto, (max-width: 1129px) 100vw, 1129px\" \/><\/figure>\n\n\n\n<h2 class=\"wp-block-heading has-text-align-left\">Lunch excursion<\/h2>\n\n\n\n<div class=\"wp-block-group is-vertical is-content-justification-stretch is-layout-flex wp-container-core-group-is-layout-3 wp-block-group-is-layout-flex\">\n<p class=\"has-text-align-left\">K\u00e4velemme kauniin mets\u00e4maiseman halki tulipaikalle, jossa nautimme maukkaan keittolounaan kahvien ja j\u00e4lkiruoan kera. Retken aikana tutustumme ymp\u00e4r\u00f6iv\u00e4\u00e4n luontoon, el\u00e4imist\u00f6\u00f6n ja tarinoihin. Retki on toteutettavissa kaikkina vuodenaikoina.  <\/p>\n\n\n\n<hr class=\"wp-block-separator has-text-color has-contrast-3-color has-alpha-channel-opacity has-contrast-3-background-color has-background is-style-wide\"\/>\n\n\n\n<p class=\"has-text-align-center\">Duration 2h<\/p>\n\n\n\n<hr class=\"wp-block-separator has-text-color has-contrast-3-color has-alpha-channel-opacity has-contrast-3-background-color has-background is-style-wide\"\/>\n<\/div>\n\n\n\n<p class=\"has-text-align-center\">Hinta 79\u20ac\/hl\u00f6, sis\u00e4lt\u00e4\u00e4 lounaan, juomat sek\u00e4 opastuksen. <\/p>\n\n\n\n<div class=\"wp-block-buttons is-content-justification-center is-layout-flex wp-container-core-buttons-is-layout-3 wp-block-buttons-is-layout-flex\">\n<div class=\"wp-block-button\"><a class=\"wp-block-button__link has-text-align-center wp-element-button\" href=\"https:\/\/metsaheidi.fi\/en\/ota-yhteytta\/\">Book here<\/a><\/div>\n<\/div>\n<\/div>\n\n\n\n<div class=\"wp-block-column is-vertically-aligned-center is-layout-flow wp-block-column-is-layout-flow\" style=\"flex-basis:60%\">\n<figure class=\"wp-block-image size-full is-style-rounded wp-duotone-unset-8 is-style-rounded--7 block-visibility-hide-small-screen\"><img loading=\"lazy\" decoding=\"async\" width=\"1129\" height=\"1365\" src=\"https:\/\/metsaheidi.fi\/wp-content\/uploads\/2024\/01\/DSC00698-edited.jpg\" alt=\"\" class=\"wp-image-68\" style=\"aspect-ratio:4\/3;object-fit:cover\" srcset=\"https:\/\/metsaheidi.fi\/wp-content\/uploads\/2024\/01\/DSC00698-edited.jpg 1129w, https:\/\/metsaheidi.fi\/wp-content\/uploads\/2024\/01\/DSC00698-edited-635x768.jpg 635w, https:\/\/metsaheidi.fi\/wp-content\/uploads\/2024\/01\/DSC00698-edited-768x929.jpg 768w\" sizes=\"auto, (max-width: 1129px) 100vw, 1129px\" \/><\/figure>\n<\/div>\n<\/div>\n<\/div>\n\n\n\n<div class=\"wp-block-group alignfull has-accent-5-background-color has-background has-global-padding is-layout-constrained wp-container-core-group-is-layout-5 wp-block-group-is-layout-constrained\" style=\"margin-top:0;margin-bottom:0;padding-top:var(--wp--preset--spacing--50);padding-right:var(--wp--preset--spacing--50);padding-bottom:var(--wp--preset--spacing--50);padding-left:var(--wp--preset--spacing--50)\">\n<div class=\"wp-block-columns alignwide is-layout-flex wp-container-core-columns-is-layout-4 wp-block-columns-is-layout-flex\">\n<div class=\"wp-block-column is-vertically-aligned-center is-layout-flow wp-block-column-is-layout-flow\" style=\"flex-basis:60%\">\n<figure class=\"wp-block-image size-full is-style-rounded wp-duotone-unset-10 is-style-rounded--9\"><img loading=\"lazy\" decoding=\"async\" width=\"2048\" height=\"1555\" src=\"https:\/\/metsaheidi.fi\/wp-content\/uploads\/2024\/01\/P1120858.jpg\" alt=\"\" class=\"wp-image-67\" style=\"aspect-ratio:4\/3;object-fit:cover\" srcset=\"https:\/\/metsaheidi.fi\/wp-content\/uploads\/2024\/01\/P1120858.jpg 2048w, https:\/\/metsaheidi.fi\/wp-content\/uploads\/2024\/01\/P1120858-768x583.jpg 768w, https:\/\/metsaheidi.fi\/wp-content\/uploads\/2024\/01\/P1120858-1536x1166.jpg 1536w\" sizes=\"auto, (max-width: 2048px) 100vw, 2048px\" \/><\/figure>\n<\/div>\n\n\n\n<div class=\"wp-block-column is-layout-flow wp-block-column-is-layout-flow\" style=\"flex-basis:40%\">\n<h2 class=\"wp-block-heading has-text-align-left\">Northern lights tour<\/h2>\n\n\n\n<p class=\"has-text-align-left\">Opastettu retki upeimpiin revontulien katselupaikkoihin. Liikumme jalkaisin ja nautimme kuumaa juomaa sek\u00e4 pient\u00e4 leivonnaista samalla kun tarkkailemme revontulia. Asiantunteva opas kertoo revontulista sek\u00e4 opastaa niiden valokuvaamiseen. Retki mahdollinen syyskuusta huhtikuuhun, riippuen revontulien esiintymisest\u00e4.<\/p>\n\n\n\n<hr class=\"wp-block-separator has-text-color has-contrast-3-color has-alpha-channel-opacity has-contrast-3-background-color has-background is-style-wide\"\/>\n\n\n\n<p class=\"has-text-align-center\">Duration 2-3 hours<\/p>\n\n\n\n<hr class=\"wp-block-separator has-text-color has-contrast-3-color has-alpha-channel-opacity has-contrast-3-background-color has-background is-style-wide\"\/>\n\n\n\n<p class=\"has-text-align-center\">Hinta 95\u20ac\/hl\u00f6, sis\u00e4lt\u00e4\u00e4 opastuksen, valokuvan revontulien kanssa sek\u00e4 ev\u00e4\u00e4t. <\/p>\n\n\n\n<div class=\"wp-block-buttons is-content-justification-center is-layout-flex wp-container-core-buttons-is-layout-4 wp-block-buttons-is-layout-flex\">\n<div class=\"wp-block-button\"><a class=\"wp-block-button__link has-text-align-center wp-element-button\" href=\"https:\/\/metsaheidi.fi\/en\/ota-yhteytta\/\">Book here<\/a><\/div>\n<\/div>\n<\/div>\n<\/div>\n<\/div>\n\n\n\n<div class=\"wp-block-group alignfull has-accent-4-background-color has-background has-global-padding is-layout-constrained wp-container-core-group-is-layout-6 wp-block-group-is-layout-constrained\" style=\"margin-top:0;margin-bottom:0;padding-top:var(--wp--preset--spacing--50);padding-right:var(--wp--preset--spacing--50);padding-bottom:var(--wp--preset--spacing--50);padding-left:var(--wp--preset--spacing--50)\">\n<div class=\"wp-block-columns alignwide is-layout-flex wp-container-core-columns-is-layout-5 wp-block-columns-is-layout-flex\">\n<div class=\"wp-block-column is-layout-flow wp-block-column-is-layout-flow\" style=\"flex-basis:40%\">\n<div class=\"wp-block-cover wp-duotone-unset-11 block-visibility-hide-large-screen block-visibility-hide-medium-screen\" style=\"border-radius:25px\"><span aria-hidden=\"true\" class=\"wp-block-cover__background has-background-dim-10 has-background-dim\"><\/span><img loading=\"lazy\" decoding=\"async\" width=\"2048\" height=\"1536\" class=\"wp-block-cover__image-background wp-image-25\" alt=\"\" src=\"https:\/\/metsaheidi.fi\/wp-content\/uploads\/2023\/12\/DJI_0115-HDR.jpg\" data-object-fit=\"cover\" srcset=\"https:\/\/metsaheidi.fi\/wp-content\/uploads\/2023\/12\/DJI_0115-HDR.jpg 2048w, https:\/\/metsaheidi.fi\/wp-content\/uploads\/2023\/12\/DJI_0115-HDR-768x576.jpg 768w, https:\/\/metsaheidi.fi\/wp-content\/uploads\/2023\/12\/DJI_0115-HDR-1536x1152.jpg 1536w\" sizes=\"auto, (max-width: 2048px) 100vw, 2048px\" \/><div class=\"wp-block-cover__inner-container is-layout-flow wp-block-cover-is-layout-flow\">\n<p class=\"has-text-align-center has-large-font-size\">YOUR TRIP?<\/p>\n<\/div><\/div>\n\n\n\n<h2 class=\"wp-block-heading\">Customize your own trip!<\/h2>\n\n\n\n<p>Contact us and we&#039;ll plan a trip that&#039;s just right for you! With Mets\u00e4Heidi, it is possible to make trips of several days, up to 1-7 days. Excursions are also possible in destinations other than the Pyh\u00e4-Luosto area. <\/p>\n\n\n\n<p>A week-long northern lights photography course for small groups, 2-6 people is also in our selection, ask for more about the possibilities!<\/p>\n\n\n\n<p>We also offer a comprehensive guide service if you need help with arrangements, reservations and transportation in the area. <\/p>\n\n\n\n<div class=\"wp-block-buttons is-layout-flex wp-block-buttons-is-layout-flex\">\n<div class=\"wp-block-button\"><a class=\"wp-block-button__link wp-element-button\" href=\"https:\/\/metsaheidi.fi\/en\/ota-yhteytta\/\">Contact <\/a><\/div>\n<\/div>\n<\/div>\n\n\n\n<div class=\"wp-block-column is-vertically-aligned-center is-layout-flow wp-block-column-is-layout-flow\" style=\"flex-basis:60%\">\n<div class=\"wp-block-cover wp-duotone-unset-12 block-visibility-hide-small-screen\" style=\"border-radius:25px\"><span aria-hidden=\"true\" class=\"wp-block-cover__background has-background-dim-20 has-background-dim\"><\/span><img loading=\"lazy\" decoding=\"async\" width=\"2048\" height=\"1536\" class=\"wp-block-cover__image-background wp-image-25\" alt=\"\" src=\"https:\/\/metsaheidi.fi\/wp-content\/uploads\/2023\/12\/DJI_0115-HDR.jpg\" data-object-fit=\"cover\" srcset=\"https:\/\/metsaheidi.fi\/wp-content\/uploads\/2023\/12\/DJI_0115-HDR.jpg 2048w, https:\/\/metsaheidi.fi\/wp-content\/uploads\/2023\/12\/DJI_0115-HDR-768x576.jpg 768w, https:\/\/metsaheidi.fi\/wp-content\/uploads\/2023\/12\/DJI_0115-HDR-1536x1152.jpg 1536w\" sizes=\"auto, (max-width: 2048px) 100vw, 2048px\" \/><div class=\"wp-block-cover__inner-container is-layout-flow wp-block-cover-is-layout-flow\">\n<p class=\"has-text-align-center has-large-font-size\">YOUR TRIP?<\/p>\n<\/div><\/div>\n<\/div>\n<\/div>\n<\/div>","protected":false},"excerpt":{"rendered":"<p>Mets\u00e4Heidi L\u00e4hde Mets\u00e4Heidin kanssa k\u00e4velylle luontoon! Retket ovat suunniteltu luontoa kunnioittaen, sen ollessa p\u00e4\u00e4osassa. Kuljemme valmiita polkuja j\u00e4tt\u00e4m\u00e4tt\u00e4 luontoon j\u00e4lke\u00e4 itsest\u00e4mme. Kaikki liikkuminen tapahtuu omin voimin, oman kunnon ja toiveiden mukaisesti. Mets\u00e4Heidin retket ovat ensisijaisesti nautintoa luonnosta tutustuen suomalaiseen tunturi- ja mets\u00e4maisemaan, el\u00e4imist\u00f6\u00f6n sek\u00e4 el\u00e4m\u00e4ntapaan. Mets\u00e4Heidi on 42 vuotias metsiss\u00e4 ja luonnossa koko ik\u00e4ns\u00e4 viihtynyt [&hellip;]<\/p>\n","protected":false},"author":1,"featured_media":0,"parent":0,"menu_order":0,"comment_status":"closed","ping_status":"closed","template":"","meta":{"footnotes":""},"class_list":["post-24","page","type-page","status-publish","hentry"],"_links":{"self":[{"href":"https:\/\/metsaheidi.fi\/en\/wp-json\/wp\/v2\/pages\/24","targetHints":{"allow":["GET"]}}],"collection":[{"href":"https:\/\/metsaheidi.fi\/en\/wp-json\/wp\/v2\/pages"}],"about":[{"href":"https:\/\/metsaheidi.fi\/en\/wp-json\/wp\/v2\/types\/page"}],"author":[{"embeddable":true,"href":"https:\/\/metsaheidi.fi\/en\/wp-json\/wp\/v2\/users\/1"}],"replies":[{"embeddable":true,"href":"https:\/\/metsaheidi.fi\/en\/wp-json\/wp\/v2\/comments?post=24"}],"version-history":[{"count":35,"href":"https:\/\/metsaheidi.fi\/en\/wp-json\/wp\/v2\/pages\/24\/revisions"}],"predecessor-version":[{"id":130,"href":"https:\/\/metsaheidi.fi\/en\/wp-json\/wp\/v2\/pages\/24\/revisions\/130"}],"wp:attachment":[{"href":"https:\/\/metsaheidi.fi\/en\/wp-json\/wp\/v2\/media?parent=24"}],"curies":[{"name":"wp","href":"https:\/\/api.w.org\/{rel}","templated":true}]}}